{"id":4,"date":"2014-11-16T18:11:12","date_gmt":"2014-11-16T17:11:12","guid":{"rendered":"http:\/\/www.autoecolepomeon.fr\/?page_id=4"},"modified":"2022-01-31T20:13:56","modified_gmt":"2022-01-31T19:13:56","slug":"contact","status":"publish","type":"page","link":"http:\/\/www.autoecolepomeon.fr\/?page_id=4","title":{"rendered":"Contact"},"content":{"rendered":"<p>Pour nous contacter :<br \/><span style=\"text-decoration: underline;\">Pr\u00e9f\u00e9rez le t\u00e9l\u00e9phone ou la visite dans nos locaux !<\/span><\/p>\n<p>T\u00e9l\u00e9phone : 09 84 34 01 55<br \/>courriel : aepomeon@gmail.com<\/p>\n<p><strong>Auto-\u00e9cole Pom\u00e9on<\/strong><br \/>16, Mont\u00e9e Grenette<br \/>69590 St Symphorien-sur-Coise<\/p>\n<p>\u00a0<\/p>\n<p><strong>HORAIRES DU BUREAU<\/strong><\/p>\n<p>Mercredi 17H-19H<br \/>Vendredi 17H-19H<br \/>Samedi\u00a0 \u00a0 10H-12H<\/p>\n<p><strong>HORAIRES DES S\u00c9ANCES DE CODE<\/strong><\/p>\n<p>Mercredi\u00a0 \u00a0 17H<br \/>\u00a0 \u00a0 \u00a0 \u00a0 &#8211;\u00a0 \u00a0 \u00a0 \u00a0 \u00a0 18H<br \/>Samedi\u00a0 \u00a0 \u00a0 10H <br \/>\u00a0 \u00a0 \u00a0 \u00a0 \u00a0&#8211;\u00a0 \u00a0 \u00a0 \u00a0 11H<\/p>\n\n\n<p><\/p>\n","protected":false},"excerpt":{"rendered":"<p>Pour nous contacter :Pr\u00e9f\u00e9rez le t\u00e9l\u00e9phone ou la visite dans nos locaux ! T\u00e9l\u00e9phone : 09 84 34 01 55courriel : aepomeon@gmail.com Auto-\u00e9cole Pom\u00e9on16, Mont\u00e9e Grenette69590 St Symphorien-sur-Coise \u00a0 HORAIRES DU BUREAU Mercredi 17H-19HVendredi 17H-19HSamedi\u00a0 \u00a0 10H-12H HORAIRES DES S\u00c9ANCES DE CODE Mercredi\u00a0 \u00a0 17H\u00a0 \u00a0 \u00a0 \u00a0 &#8211;\u00a0 \u00a0 &#8230;<\/p>\n","protected":false},"author":1,"featured_media":0,"parent":0,"menu_order":0,"comment_status":"closed","ping_status":"open","template":"","meta":[],"_links":{"self":[{"href":"http:\/\/www.autoecolepomeon.fr\/index.php?rest_route=\/wp\/v2\/pages\/4"}],"collection":[{"href":"http:\/\/www.autoecolepomeon.fr\/index.php?rest_route=\/wp\/v2\/pages"}],"about":[{"href":"http:\/\/www.autoecolepomeon.fr\/index.php?rest_route=\/wp\/v2\/types\/page"}],"author":[{"embeddable":true,"href":"http:\/\/www.autoecolepomeon.fr\/index.php?rest_route=\/wp\/v2\/users\/1"}],"replies":[{"embeddable":true,"href":"http:\/\/www.autoecolepomeon.fr\/index.php?rest_route=%2Fwp%2Fv2%2Fcomments&post=4"}],"version-history":[{"count":13,"href":"http:\/\/www.autoecolepomeon.fr\/index.php?rest_route=\/wp\/v2\/pages\/4\/revisions"}],"predecessor-version":[{"id":68,"href":"http:\/\/www.autoecolepomeon.fr\/index.php?rest_route=\/wp\/v2\/pages\/4\/revisions\/68"}],"wp:attachment":[{"href":"http:\/\/www.autoecolepomeon.fr\/index.php?rest_route=%2Fwp%2Fv2%2Fmedia&parent=4"}],"curies":[{"name":"wp","href":"https:\/\/api.w.org\/{rel}","templated":true}]}}