{"id":18,"date":"2015-05-27T19:13:03","date_gmt":"2015-05-27T18:13:03","guid":{"rendered":"http:\/\/www.autoecolepomeon.fr\/?page_id=18"},"modified":"2022-01-31T19:46:26","modified_gmt":"2022-01-31T18:46:26","slug":"lauto-ecole","status":"publish","type":"page","link":"http:\/\/www.autoecolepomeon.fr\/","title":{"rendered":"L&rsquo;auto-\u00e9cole"},"content":{"rendered":"<p>Bienvenue \u00e0 l&rsquo;Auto-Ecole Pom\u00e9on \u00e0 St Symphorien-sur-Coise, situ\u00e9e entre l&rsquo;Eglise et la Mairie.<br \/><br \/>Nous proposons des formations \u00e0 la conduite automobile et\u00a0au code de la route pour la cat\u00e9gorie B ainsi que des cours de perfectionnement post-permis.<br \/><br \/>N&rsquo;h\u00e9sitez pas \u00e0 nous rendre visite pour plus d&rsquo;informations !<br \/>Retrouvez nos coordonn\u00e9es et nos horaires en page <a href=\"http:\/\/www.autoecolepomeon.fr\/?page_id=4\">contact <\/a>de ce site.<\/p>\n\n\n<figure class=\"wp-block-image\"><img decoding=\"async\" loading=\"lazy\" width=\"1024\" height=\"768\" src=\"http:\/\/www.autoecolepomeon.fr\/wp-content\/uploads\/2015\/05\/autoecole-1024x768.jpg\" alt=\"\" class=\"wp-image-31\" srcset=\"http:\/\/www.autoecolepomeon.fr\/wp-content\/uploads\/2015\/05\/autoecole-1024x768.jpg 1024w, http:\/\/www.autoecolepomeon.fr\/wp-content\/uploads\/2015\/05\/autoecole-300x225.jpg 300w, http:\/\/www.autoecolepomeon.fr\/wp-content\/uploads\/2015\/05\/autoecole-700x525.jpg 700w, http:\/\/www.autoecolepomeon.fr\/wp-content\/uploads\/2015\/05\/autoecole-332x249.jpg 332w, http:\/\/www.autoecolepomeon.fr\/wp-content\/uploads\/2015\/05\/autoecole.jpg 1772w\" sizes=\"(max-width: 1024px) 100vw, 1024px\" \/><\/figure>\n","protected":false},"excerpt":{"rendered":"<p>Bienvenue \u00e0 l&rsquo;Auto-Ecole Pom\u00e9on \u00e0 St Symphorien-sur-Coise, situ\u00e9e entre l&rsquo;Eglise et la Mairie. Nous proposons des formations \u00e0 la conduite automobile et\u00a0au code de la route pour la cat\u00e9gorie B ainsi que des cours de perfectionnement post-permis. N&rsquo;h\u00e9sitez pas \u00e0 nous rendre visite pour plus d&rsquo;informations !Retrouvez nos coordonn\u00e9es et &#8230;<\/p>\n","protected":false},"author":1,"featured_media":0,"parent":0,"menu_order":0,"comment_status":"closed","ping_status":"open","template":"","meta":[],"_links":{"self":[{"href":"http:\/\/www.autoecolepomeon.fr\/index.php?rest_route=\/wp\/v2\/pages\/18"}],"collection":[{"href":"http:\/\/www.autoecolepomeon.fr\/index.php?rest_route=\/wp\/v2\/pages"}],"about":[{"href":"http:\/\/www.autoecolepomeon.fr\/index.php?rest_route=\/wp\/v2\/types\/page"}],"author":[{"embeddable":true,"href":"http:\/\/www.autoecolepomeon.fr\/index.php?rest_route=\/wp\/v2\/users\/1"}],"replies":[{"embeddable":true,"href":"http:\/\/www.autoecolepomeon.fr\/index.php?rest_route=%2Fwp%2Fv2%2Fcomments&post=18"}],"version-history":[{"count":7,"href":"http:\/\/www.autoecolepomeon.fr\/index.php?rest_route=\/wp\/v2\/pages\/18\/revisions"}],"predecessor-version":[{"id":52,"href":"http:\/\/www.autoecolepomeon.fr\/index.php?rest_route=\/wp\/v2\/pages\/18\/revisions\/52"}],"wp:attachment":[{"href":"http:\/\/www.autoecolepomeon.fr\/index.php?rest_route=%2Fwp%2Fv2%2Fmedia&parent=18"}],"curies":[{"name":"wp","href":"https:\/\/api.w.org\/{rel}","templated":true}]}}